{"id":16,"date":"2023-06-20T13:57:23","date_gmt":"2023-06-20T11:57:23","guid":{"rendered":"http:\/\/localhost\/elecmaesr\/?page_id=16"},"modified":"2025-02-14T14:50:49","modified_gmt":"2025-02-14T13:50:49","slug":"signalisation-routiere","status":"publish","type":"page","link":"https:\/\/elecma-ci.com\/index.php\/signalisation-routiere\/","title":{"rendered":"Signalisation routi\u00e8re"},"content":{"rendered":"<p><span style=\"font-size: 14pt;\"><\/p>\n<p><\/span><\/p>\n\n\n<div class=\"wp-block-media-text is-stacked-on-mobile\"><figure class=\"wp-block-media-text__media\"><img loading=\"lazy\" decoding=\"async\" width=\"580\" height=\"340\" src=\"https:\/\/elecma-ci.com\/wp-content\/uploads\/2025\/02\/horizon2.jpg\" alt=\"\" class=\"wp-image-192 size-full\" srcset=\"https:\/\/elecma-ci.com\/wp-content\/uploads\/2025\/02\/horizon2.jpg 580w, https:\/\/elecma-ci.com\/wp-content\/uploads\/2025\/02\/horizon2-300x176.jpg 300w\" sizes=\"auto, (max-width: 580px) 100vw, 580px\" \/><\/figure><div class=\"wp-block-media-text__content\">\n<blockquote class=\"wp-block-quote alignwide is-layout-flow wp-block-quote-is-layout-flow\">\n<p>ELECMA-ESR&nbsp;a une grande expertise au service des infrastructures routi\u00e8res.<br>Dans la sous-r\u00e9gion, nous avons une place de choix en ce qui concerne la conception et la fourniture des \u00e9quipements de la route. Et depuis, nous contribuons \u00e0 am\u00e9liorer la s\u00e9curit\u00e9 routi\u00e8re et la fluidit\u00e9 du trafic.<\/p>\n<\/blockquote>\n<\/div><\/div>\n\n\n\n<h2 class=\"wp-block-heading has-text-align-right\">Signalisation lumineuse<\/h2>\n\n\n\n<div class=\"wp-block-media-text is-stacked-on-mobile\"><figure class=\"wp-block-media-text__media\"><img loading=\"lazy\" decoding=\"async\" width=\"569\" height=\"527\" src=\"https:\/\/elecma-ci.com\/wp-content\/uploads\/2025\/02\/lumieuz4.jpg\" alt=\"\" class=\"wp-image-198 size-full\" srcset=\"https:\/\/elecma-ci.com\/wp-content\/uploads\/2025\/02\/lumieuz4.jpg 569w, https:\/\/elecma-ci.com\/wp-content\/uploads\/2025\/02\/lumieuz4-300x278.jpg 300w\" sizes=\"auto, (max-width: 569px) 100vw, 569px\" \/><\/figure><div class=\"wp-block-media-text__content\">\n<blockquote class=\"wp-block-quote is-layout-flow wp-block-quote-is-layout-flow\">\n<p>Installation et maintenance de feux tricolores intelligents\u00a0et autres dispositifs lumineux, assurant une circulation fluide et s\u00e9curis\u00e9e.<\/p>\n<\/blockquote>\n<\/div><\/div>\n\n\n\n<h2 class=\"wp-block-heading has-text-align-right\">Signalisation verticale<\/h2>\n\n\n\n<div class=\"wp-block-media-text is-stacked-on-mobile\"><figure class=\"wp-block-media-text__media\"><img loading=\"lazy\" decoding=\"async\" width=\"778\" height=\"627\" src=\"https:\/\/elecma-ci.com\/wp-content\/uploads\/2025\/02\/signalisation-routiere-e1739471983968.jpg\" alt=\"\" class=\"wp-image-216 size-full\" srcset=\"https:\/\/elecma-ci.com\/wp-content\/uploads\/2025\/02\/signalisation-routiere-e1739471983968.jpg 778w, https:\/\/elecma-ci.com\/wp-content\/uploads\/2025\/02\/signalisation-routiere-e1739471983968-300x242.jpg 300w, https:\/\/elecma-ci.com\/wp-content\/uploads\/2025\/02\/signalisation-routiere-e1739471983968-768x619.jpg 768w\" sizes=\"auto, (max-width: 778px) 100vw, 778px\" \/><\/figure><div class=\"wp-block-media-text__content\">\n<blockquote class=\"wp-block-quote is-layout-flow wp-block-quote-is-layout-flow\">\n<p>Pose et entretien de panneaux de signalisation pour une\u00a0conduite efficace et s\u00e9curis\u00e9e.<\/p>\n<\/blockquote>\n<\/div><\/div>\n\n\n\n<h2 class=\"wp-block-heading has-text-align-right\">Signalisation horizontale<\/h2>\n\n\n\n<div class=\"wp-block-media-text is-stacked-on-mobile\"><figure class=\"wp-block-media-text__media\"><img loading=\"lazy\" decoding=\"async\" width=\"360\" height=\"230\" src=\"https:\/\/elecma-ci.com\/wp-content\/uploads\/2025\/02\/signal-horizon.png\" alt=\"\" class=\"wp-image-214 size-full\" srcset=\"https:\/\/elecma-ci.com\/wp-content\/uploads\/2025\/02\/signal-horizon.png 360w, https:\/\/elecma-ci.com\/wp-content\/uploads\/2025\/02\/signal-horizon-300x192.png 300w\" sizes=\"auto, (max-width: 360px) 100vw, 360px\" \/><\/figure><div class=\"wp-block-media-text__content\">\n<blockquote class=\"wp-block-quote is-layout-flow wp-block-quote-is-layout-flow\">\n<p>Bandes blanches, lignes de guidage, passages pi\u00e9tons et autres\u00a0marquages pour guider et s\u00e9curiser les usagers de la route.<\/p>\n<\/blockquote>\n<\/div><\/div>\n","protected":false},"excerpt":{"rendered":"<p>Signalisation lumineuse Signalisation verticale Signalisation horizontale<\/p>\n","protected":false},"author":1,"featured_media":191,"parent":0,"menu_order":0,"comment_status":"closed","ping_status":"closed","template":"","meta":{"footnotes":""},"class_list":["post-16","page","type-page","status-publish","has-post-thumbnail","hentry"],"_links":{"self":[{"href":"https:\/\/elecma-ci.com\/index.php\/wp-json\/wp\/v2\/pages\/16","targetHints":{"allow":["GET"]}}],"collection":[{"href":"https:\/\/elecma-ci.com\/index.php\/wp-json\/wp\/v2\/pages"}],"about":[{"href":"https:\/\/elecma-ci.com\/index.php\/wp-json\/wp\/v2\/types\/page"}],"author":[{"embeddable":true,"href":"https:\/\/elecma-ci.com\/index.php\/wp-json\/wp\/v2\/users\/1"}],"replies":[{"embeddable":true,"href":"https:\/\/elecma-ci.com\/index.php\/wp-json\/wp\/v2\/comments?post=16"}],"version-history":[{"count":42,"href":"https:\/\/elecma-ci.com\/index.php\/wp-json\/wp\/v2\/pages\/16\/revisions"}],"predecessor-version":[{"id":421,"href":"https:\/\/elecma-ci.com\/index.php\/wp-json\/wp\/v2\/pages\/16\/revisions\/421"}],"wp:featuredmedia":[{"embeddable":true,"href":"https:\/\/elecma-ci.com\/index.php\/wp-json\/wp\/v2\/media\/191"}],"wp:attachment":[{"href":"https:\/\/elecma-ci.com\/index.php\/wp-json\/wp\/v2\/media?parent=16"}],"curies":[{"name":"wp","href":"https:\/\/api.w.org\/{rel}","templated":true}]}}