{"id":28,"date":"2023-06-20T14:00:12","date_gmt":"2023-06-20T12:00:12","guid":{"rendered":"http:\/\/localhost\/elecmaesr\/?page_id=28"},"modified":"2025-02-14T14:10:16","modified_gmt":"2025-02-14T13:10:16","slug":"routiers","status":"publish","type":"page","link":"https:\/\/elecma-ci.com\/index.php\/routiers\/","title":{"rendered":"Routiers"},"content":{"rendered":"<p><span style=\"font-family: verdana, geneva, sans-serif;\"><\/p>\n\n\n<h2 class=\"wp-block-heading has-text-align-right\">Equipements routiers<\/h2>\n\n\n\n<div class=\"wp-block-media-text is-stacked-on-mobile\"><figure class=\"wp-block-media-text__media\"><img loading=\"lazy\" decoding=\"async\" width=\"1024\" height=\"684\" src=\"https:\/\/elecma-ci.com\/wp-content\/uploads\/2025\/02\/gliss-1024x684.jpg\" alt=\"\" class=\"wp-image-302 size-full\" srcset=\"https:\/\/elecma-ci.com\/wp-content\/uploads\/2025\/02\/gliss-1024x684.jpg 1024w, https:\/\/elecma-ci.com\/wp-content\/uploads\/2025\/02\/gliss-300x200.jpg 300w, https:\/\/elecma-ci.com\/wp-content\/uploads\/2025\/02\/gliss-768x513.jpg 768w, https:\/\/elecma-ci.com\/wp-content\/uploads\/2025\/02\/gliss-1536x1025.jpg 1536w, https:\/\/elecma-ci.com\/wp-content\/uploads\/2025\/02\/gliss-2048x1367.jpg 2048w\" sizes=\"auto, (max-width: 1024px) 100vw, 1024px\" \/><\/figure><div class=\"wp-block-media-text__content\">\n<blockquote class=\"wp-block-quote is-layout-flow wp-block-quote-is-layout-flow\">\n<p>Glissi\u00e8re de s\u00e9curit\u00e9<\/p>\n\n\n\n<p>Traverses de pi\u00e9tons s\u00e9curitaires de type BN4<\/p>\n\n\n\n<p>Ralentisseurs et coussins berlinois<\/p>\n<\/blockquote>\n<\/div><\/div>\n\n\n<p><\/span><\/p>","protected":false},"excerpt":{"rendered":"<p>Equipements routiers<\/p>\n","protected":false},"author":1,"featured_media":0,"parent":0,"menu_order":0,"comment_status":"closed","ping_status":"closed","template":"","meta":{"footnotes":""},"class_list":["post-28","page","type-page","status-publish","hentry"],"_links":{"self":[{"href":"https:\/\/elecma-ci.com\/index.php\/wp-json\/wp\/v2\/pages\/28","targetHints":{"allow":["GET"]}}],"collection":[{"href":"https:\/\/elecma-ci.com\/index.php\/wp-json\/wp\/v2\/pages"}],"about":[{"href":"https:\/\/elecma-ci.com\/index.php\/wp-json\/wp\/v2\/types\/page"}],"author":[{"embeddable":true,"href":"https:\/\/elecma-ci.com\/index.php\/wp-json\/wp\/v2\/users\/1"}],"replies":[{"embeddable":true,"href":"https:\/\/elecma-ci.com\/index.php\/wp-json\/wp\/v2\/comments?post=28"}],"version-history":[{"count":3,"href":"https:\/\/elecma-ci.com\/index.php\/wp-json\/wp\/v2\/pages\/28\/revisions"}],"predecessor-version":[{"id":400,"href":"https:\/\/elecma-ci.com\/index.php\/wp-json\/wp\/v2\/pages\/28\/revisions\/400"}],"wp:attachment":[{"href":"https:\/\/elecma-ci.com\/index.php\/wp-json\/wp\/v2\/media?parent=28"}],"curies":[{"name":"wp","href":"https:\/\/api.w.org\/{rel}","templated":true}]}}